{"id":19,"date":"2024-12-17T10:48:44","date_gmt":"2024-12-17T10:48:44","guid":{"rendered":"https:\/\/34.118.53.142\/?page_id=19"},"modified":"2024-12-18T16:17:27","modified_gmt":"2024-12-18T16:17:27","slug":"home","status":"publish","type":"page","link":"https:\/\/www.pardayanhukuk.com\/","title":{"rendered":"Ho\u015fgeldiniz"},"content":{"rendered":"\n<p>Avukat Yusuf Sidar \u015eahin, Saint Benoit Frans\u0131z Lisesi ve \u0130stanbul \u00dcniversitesi Hukuk Fak\u00fcltesinden mezun olduktan sonra, uluslararas\u0131 hukuk alan\u0131nda edindi\u011fi tecr\u00fcbeyle i\u015f d\u00fcnyas\u0131na katk\u0131da bulunmaktan b\u00fcy\u00fck onur duymaktad\u0131r.<\/p>\n\n\n\n<p>Uluslararas\u0131 hukuk bilgisini Avrupa Birli\u011fi \u00e7al\u0131\u015fmalar\u0131 alan\u0131nda y\u00fcksek lisans derecesi ile peki\u015ftirmi\u015ftir. Uygulamada, uluslararas\u0131 ticaret hukuku, havac\u0131l\u0131k hukuku ve g\u00f6\u00e7menlik hukuku alanlar\u0131nda uygulamal\u0131 deneyimlerle desteklenen \u00e7al\u0131\u015fmalarda bulunma f\u0131rsat\u0131 elde etmi\u015ftir.<\/p>\n\n\n\n<p>Ayr\u0131ca fikri m\u00fclkiyet hukuku alan\u0131ndaki uzmanl\u0131\u011f\u0131n\u0131 geli\u015ftirmeye ve geni\u015fletmeye kendini adam\u0131\u015ft\u0131r.<\/p>\n\n\n\n<p>Hukuki yetkinli\u011finin yan\u0131 s\u0131ra, \u00fcniversitede tarihi eskrim dersleri vermeye devam etmektedir. Spor y\u00f6netimi alan\u0131nda ikinci \u00fcniversite diplomas\u0131n\u0131 alm\u0131\u015f ve spor psikolojisi alan\u0131nda e\u011fitim g\u00f6rm\u00fc\u015ft\u00fcr.<\/p>\n","protected":false},"excerpt":{"rendered":"<p>Avukat Yusuf Sidar \u015eahin, Saint Benoit Frans\u0131z Lisesi ve \u0130stanbul \u00dcniversitesi Hukuk Fak\u00fcltesinden mezun olduktan sonra, uluslararas\u0131 hukuk alan\u0131nda edindi\u011fi tecr\u00fcbeyle i\u015f d\u00fcnyas\u0131na katk\u0131da bulunmaktan b\u00fcy\u00fck onur duymaktad\u0131r. Uluslararas\u0131 hukuk bilgisini Avrupa Birli\u011fi \u00e7al\u0131\u015fmalar\u0131 alan\u0131nda y\u00fcksek lisans derecesi ile peki\u015ftirmi\u015ftir. Uygulamada, uluslararas\u0131 ticaret hukuku, havac\u0131l\u0131k hukuku ve g\u00f6\u00e7menlik hukuku alanlar\u0131nda uygulamal\u0131 deneyimlerle desteklenen \u00e7al\u0131\u015fmalarda bulunma &hellip; <\/p>\n<p class=\"link-more\"><a href=\"https:\/\/www.pardayanhukuk.com\/\" class=\"more-link\">Continue reading<span class=\"screen-reader-text\"> &#8220;Ho\u015fgeldiniz&#8221;<\/span><\/a><\/p>\n","protected":false},"author":1,"featured_media":0,"parent":0,"menu_order":0,"comment_status":"closed","ping_status":"closed","template":"","meta":{"footnotes":""},"class_list":["post-19","page","type-page","status-publish","hentry"],"yoast_head":"<!-- This site is optimized with the Yoast SEO plugin v24.1 - https:\/\/yoast.com\/wordpress\/plugins\/seo\/ -->\n<title>Ho\u015fgeldiniz - Pardayan Hukuk<\/title>\n<meta name=\"robots\" content=\"index, follow, max-snippet:-1, max-image-preview:large, max-video-preview:-1\" \/>\n<link rel=\"canonical\" href=\"https:\/\/www.pardayanhukuk.com\/\" \/>\n<meta property=\"og:locale\" content=\"en_US\" \/>\n<meta property=\"og:type\" content=\"article\" \/>\n<meta property=\"og:title\" content=\"Ho\u015fgeldiniz - Pardayan Hukuk\" \/>\n<meta property=\"og:description\" content=\"Avukat Yusuf Sidar \u015eahin, Saint Benoit Frans\u0131z Lisesi ve \u0130stanbul \u00dcniversitesi Hukuk Fak\u00fcltesinden mezun olduktan sonra, uluslararas\u0131 hukuk alan\u0131nda edindi\u011fi tecr\u00fcbeyle i\u015f d\u00fcnyas\u0131na katk\u0131da bulunmaktan b\u00fcy\u00fck onur duymaktad\u0131r. Uluslararas\u0131 hukuk bilgisini Avrupa Birli\u011fi \u00e7al\u0131\u015fmalar\u0131 alan\u0131nda y\u00fcksek lisans derecesi ile peki\u015ftirmi\u015ftir. Uygulamada, uluslararas\u0131 ticaret hukuku, havac\u0131l\u0131k hukuku ve g\u00f6\u00e7menlik hukuku alanlar\u0131nda uygulamal\u0131 deneyimlerle desteklenen \u00e7al\u0131\u015fmalarda bulunma &hellip; Continue reading &quot;Ho\u015fgeldiniz&quot;\" \/>\n<meta property=\"og:url\" content=\"https:\/\/www.pardayanhukuk.com\/\" \/>\n<meta property=\"og:site_name\" content=\"Pardayan Hukuk\" \/>\n<meta property=\"article:modified_time\" content=\"2024-12-18T16:17:27+00:00\" \/>\n<meta name=\"twitter:card\" content=\"summary_large_image\" \/>\n<meta name=\"twitter:label1\" content=\"Est. reading time\" \/>\n\t<meta name=\"twitter:data1\" content=\"1 minute\" \/>\n<script type=\"application\/ld+json\" class=\"yoast-schema-graph\">{\"@context\":\"https:\/\/schema.org\",\"@graph\":[{\"@type\":\"WebPage\",\"@id\":\"https:\/\/www.pardayanhukuk.com\/\",\"url\":\"https:\/\/www.pardayanhukuk.com\/\",\"name\":\"Ho\u015fgeldiniz - Pardayan Hukuk\",\"isPartOf\":{\"@id\":\"https:\/\/www.pardayanhukuk.com\/#website\"},\"datePublished\":\"2024-12-17T10:48:44+00:00\",\"dateModified\":\"2024-12-18T16:17:27+00:00\",\"breadcrumb\":{\"@id\":\"https:\/\/www.pardayanhukuk.com\/#breadcrumb\"},\"inLanguage\":\"en-US\",\"potentialAction\":[{\"@type\":\"ReadAction\",\"target\":[\"https:\/\/www.pardayanhukuk.com\/\"]}]},{\"@type\":\"BreadcrumbList\",\"@id\":\"https:\/\/www.pardayanhukuk.com\/#breadcrumb\",\"itemListElement\":[{\"@type\":\"ListItem\",\"position\":1,\"name\":\"Home\",\"item\":\"https:\/\/www.pardayanhukuk.com\/\"},{\"@type\":\"ListItem\",\"position\":2,\"name\":\"Ho\u015fgeldiniz\"}]},{\"@type\":\"WebSite\",\"@id\":\"https:\/\/www.pardayanhukuk.com\/#website\",\"url\":\"https:\/\/www.pardayanhukuk.com\/\",\"name\":\"Pardayan Hukuk\",\"description\":\"T\u00fcm hukuki s\u00fcre\u00e7lerde g\u00fcvenilir adresiniz\",\"publisher\":{\"@id\":\"https:\/\/www.pardayanhukuk.com\/#organization\"},\"potentialAction\":[{\"@type\":\"SearchAction\",\"target\":{\"@type\":\"EntryPoint\",\"urlTemplate\":\"https:\/\/www.pardayanhukuk.com\/?s={search_term_string}\"},\"query-input\":{\"@type\":\"PropertyValueSpecification\",\"valueRequired\":true,\"valueName\":\"search_term_string\"}}],\"inLanguage\":\"en-US\"},{\"@type\":\"Organization\",\"@id\":\"https:\/\/www.pardayanhukuk.com\/#organization\",\"name\":\"Pardayan Hukuk\",\"url\":\"https:\/\/www.pardayanhukuk.com\/\",\"logo\":{\"@type\":\"ImageObject\",\"inLanguage\":\"en-US\",\"@id\":\"https:\/\/www.pardayanhukuk.com\/#\/schema\/logo\/image\/\",\"url\":\"https:\/\/www.pardayanhukuk.com\/wp-content\/uploads\/2024\/12\/cropped-Screenshot-2024-12-19-at-17.10.38.png\",\"contentUrl\":\"https:\/\/www.pardayanhukuk.com\/wp-content\/uploads\/2024\/12\/cropped-Screenshot-2024-12-19-at-17.10.38.png\",\"width\":249,\"height\":250,\"caption\":\"Pardayan Hukuk\"},\"image\":{\"@id\":\"https:\/\/www.pardayanhukuk.com\/#\/schema\/logo\/image\/\"}}]}<\/script>\n<!-- \/ Yoast SEO plugin. -->","yoast_head_json":{"title":"Ho\u015fgeldiniz - Pardayan Hukuk","robots":{"index":"index","follow":"follow","max-snippet":"max-snippet:-1","max-image-preview":"max-image-preview:large","max-video-preview":"max-video-preview:-1"},"canonical":"https:\/\/www.pardayanhukuk.com\/","og_locale":"en_US","og_type":"article","og_title":"Ho\u015fgeldiniz - Pardayan Hukuk","og_description":"Avukat Yusuf Sidar \u015eahin, Saint Benoit Frans\u0131z Lisesi ve \u0130stanbul \u00dcniversitesi Hukuk Fak\u00fcltesinden mezun olduktan sonra, uluslararas\u0131 hukuk alan\u0131nda edindi\u011fi tecr\u00fcbeyle i\u015f d\u00fcnyas\u0131na katk\u0131da bulunmaktan b\u00fcy\u00fck onur duymaktad\u0131r. Uluslararas\u0131 hukuk bilgisini Avrupa Birli\u011fi \u00e7al\u0131\u015fmalar\u0131 alan\u0131nda y\u00fcksek lisans derecesi ile peki\u015ftirmi\u015ftir. Uygulamada, uluslararas\u0131 ticaret hukuku, havac\u0131l\u0131k hukuku ve g\u00f6\u00e7menlik hukuku alanlar\u0131nda uygulamal\u0131 deneyimlerle desteklenen \u00e7al\u0131\u015fmalarda bulunma &hellip; Continue reading \"Ho\u015fgeldiniz\"","og_url":"https:\/\/www.pardayanhukuk.com\/","og_site_name":"Pardayan Hukuk","article_modified_time":"2024-12-18T16:17:27+00:00","twitter_card":"summary_large_image","twitter_misc":{"Est. reading time":"1 minute"},"schema":{"@context":"https:\/\/schema.org","@graph":[{"@type":"WebPage","@id":"https:\/\/www.pardayanhukuk.com\/","url":"https:\/\/www.pardayanhukuk.com\/","name":"Ho\u015fgeldiniz - Pardayan Hukuk","isPartOf":{"@id":"https:\/\/www.pardayanhukuk.com\/#website"},"datePublished":"2024-12-17T10:48:44+00:00","dateModified":"2024-12-18T16:17:27+00:00","breadcrumb":{"@id":"https:\/\/www.pardayanhukuk.com\/#breadcrumb"},"inLanguage":"en-US","potentialAction":[{"@type":"ReadAction","target":["https:\/\/www.pardayanhukuk.com\/"]}]},{"@type":"BreadcrumbList","@id":"https:\/\/www.pardayanhukuk.com\/#breadcrumb","itemListElement":[{"@type":"ListItem","position":1,"name":"Home","item":"https:\/\/www.pardayanhukuk.com\/"},{"@type":"ListItem","position":2,"name":"Ho\u015fgeldiniz"}]},{"@type":"WebSite","@id":"https:\/\/www.pardayanhukuk.com\/#website","url":"https:\/\/www.pardayanhukuk.com\/","name":"Pardayan Hukuk","description":"T\u00fcm hukuki s\u00fcre\u00e7lerde g\u00fcvenilir adresiniz","publisher":{"@id":"https:\/\/www.pardayanhukuk.com\/#organization"},"potentialAction":[{"@type":"SearchAction","target":{"@type":"EntryPoint","urlTemplate":"https:\/\/www.pardayanhukuk.com\/?s={search_term_string}"},"query-input":{"@type":"PropertyValueSpecification","valueRequired":true,"valueName":"search_term_string"}}],"inLanguage":"en-US"},{"@type":"Organization","@id":"https:\/\/www.pardayanhukuk.com\/#organization","name":"Pardayan Hukuk","url":"https:\/\/www.pardayanhukuk.com\/","logo":{"@type":"ImageObject","inLanguage":"en-US","@id":"https:\/\/www.pardayanhukuk.com\/#\/schema\/logo\/image\/","url":"https:\/\/www.pardayanhukuk.com\/wp-content\/uploads\/2024\/12\/cropped-Screenshot-2024-12-19-at-17.10.38.png","contentUrl":"https:\/\/www.pardayanhukuk.com\/wp-content\/uploads\/2024\/12\/cropped-Screenshot-2024-12-19-at-17.10.38.png","width":249,"height":250,"caption":"Pardayan Hukuk"},"image":{"@id":"https:\/\/www.pardayanhukuk.com\/#\/schema\/logo\/image\/"}}]}},"_links":{"self":[{"href":"https:\/\/www.pardayanhukuk.com\/index.php?rest_route=\/wp\/v2\/pages\/19","targetHints":{"allow":["GET"]}}],"collection":[{"href":"https:\/\/www.pardayanhukuk.com\/index.php?rest_route=\/wp\/v2\/pages"}],"about":[{"href":"https:\/\/www.pardayanhukuk.com\/index.php?rest_route=\/wp\/v2\/types\/page"}],"author":[{"embeddable":true,"href":"https:\/\/www.pardayanhukuk.com\/index.php?rest_route=\/wp\/v2\/users\/1"}],"replies":[{"embeddable":true,"href":"https:\/\/www.pardayanhukuk.com\/index.php?rest_route=%2Fwp%2Fv2%2Fcomments&post=19"}],"version-history":[{"count":2,"href":"https:\/\/www.pardayanhukuk.com\/index.php?rest_route=\/wp\/v2\/pages\/19\/revisions"}],"predecessor-version":[{"id":68,"href":"https:\/\/www.pardayanhukuk.com\/index.php?rest_route=\/wp\/v2\/pages\/19\/revisions\/68"}],"wp:attachment":[{"href":"https:\/\/www.pardayanhukuk.com\/index.php?rest_route=%2Fwp%2Fv2%2Fmedia&parent=19"}],"curies":[{"name":"wp","href":"https:\/\/api.w.org\/{rel}","templated":true}]}}