{"id":20,"date":"2024-12-17T10:48:44","date_gmt":"2024-12-17T10:48:44","guid":{"rendered":"https:\/\/34.118.53.142\/?page_id=20"},"modified":"2024-12-18T16:27:02","modified_gmt":"2024-12-18T16:27:02","slug":"about","status":"publish","type":"page","link":"https:\/\/www.pardayanhukuk.com\/?page_id=20","title":{"rendered":"Hakk\u0131m\u0131zda"},"content":{"rendered":"\n<div data-wp-interactive=\"core\/file\" class=\"wp-block-file\"><object data-wp-bind--hidden=\"!state.hasPdfPreview\" hidden class=\"wp-block-file__embed\" data=\"https:\/\/www.pardayanhukuk.com\/wp-content\/uploads\/2024\/12\/yusufsidarsahin.pdf\" type=\"application\/pdf\" style=\"width:100%;height:600px\" aria-label=\"Embed of yusufsidarsahin.\"><\/object><a id=\"wp-block-file--media-ddd5afb9-11c1-4968-b41d-fa7a39d57c3c\" href=\"https:\/\/www.pardayanhukuk.com\/wp-content\/uploads\/2024\/12\/yusufsidarsahin.pdf\">yusufsidarsahin<\/a><a href=\"https:\/\/www.pardayanhukuk.com\/wp-content\/uploads\/2024\/12\/yusufsidarsahin.pdf\" class=\"wp-block-file__button wp-element-button\" download aria-describedby=\"wp-block-file--media-ddd5afb9-11c1-4968-b41d-fa7a39d57c3c\">Download<\/a><\/div>\n","protected":false},"excerpt":{"rendered":"","protected":false},"author":1,"featured_media":0,"parent":0,"menu_order":0,"comment_status":"closed","ping_status":"closed","template":"","meta":{"footnotes":""},"class_list":["post-20","page","type-page","status-publish","hentry"],"yoast_head":"<!-- This site is optimized with the Yoast SEO plugin v24.1 - https:\/\/yoast.com\/wordpress\/plugins\/seo\/ -->\n<title>Hakk\u0131m\u0131zda - Pardayan Hukuk<\/title>\n<meta name=\"robots\" content=\"index, follow, max-snippet:-1, max-image-preview:large, max-video-preview:-1\" \/>\n<link rel=\"canonical\" href=\"https:\/\/www.pardayanhukuk.com\/?page_id=20\" \/>\n<meta property=\"og:locale\" content=\"en_US\" \/>\n<meta property=\"og:type\" content=\"article\" \/>\n<meta property=\"og:title\" content=\"Hakk\u0131m\u0131zda - Pardayan Hukuk\" \/>\n<meta property=\"og:url\" content=\"https:\/\/www.pardayanhukuk.com\/?page_id=20\" \/>\n<meta property=\"og:site_name\" content=\"Pardayan Hukuk\" \/>\n<meta property=\"article:modified_time\" content=\"2024-12-18T16:27:02+00:00\" \/>\n<meta name=\"twitter:card\" content=\"summary_large_image\" \/>\n<meta name=\"twitter:label1\" content=\"Est. reading time\" \/>\n\t<meta name=\"twitter:data1\" content=\"1 minute\" \/>\n<script type=\"application\/ld+json\" class=\"yoast-schema-graph\">{\"@context\":\"https:\/\/schema.org\",\"@graph\":[{\"@type\":\"WebPage\",\"@id\":\"https:\/\/www.pardayanhukuk.com\/?page_id=20\",\"url\":\"https:\/\/www.pardayanhukuk.com\/?page_id=20\",\"name\":\"Hakk\u0131m\u0131zda - Pardayan Hukuk\",\"isPartOf\":{\"@id\":\"https:\/\/www.pardayanhukuk.com\/#website\"},\"datePublished\":\"2024-12-17T10:48:44+00:00\",\"dateModified\":\"2024-12-18T16:27:02+00:00\",\"breadcrumb\":{\"@id\":\"https:\/\/www.pardayanhukuk.com\/?page_id=20#breadcrumb\"},\"inLanguage\":\"en-US\",\"potentialAction\":[{\"@type\":\"ReadAction\",\"target\":[\"https:\/\/www.pardayanhukuk.com\/?page_id=20\"]}]},{\"@type\":\"BreadcrumbList\",\"@id\":\"https:\/\/www.pardayanhukuk.com\/?page_id=20#breadcrumb\",\"itemListElement\":[{\"@type\":\"ListItem\",\"position\":1,\"name\":\"Home\",\"item\":\"https:\/\/www.pardayanhukuk.com\/\"},{\"@type\":\"ListItem\",\"position\":2,\"name\":\"Hakk\u0131m\u0131zda\"}]},{\"@type\":\"WebSite\",\"@id\":\"https:\/\/www.pardayanhukuk.com\/#website\",\"url\":\"https:\/\/www.pardayanhukuk.com\/\",\"name\":\"Pardayan Hukuk\",\"description\":\"T\u00fcm hukuki s\u00fcre\u00e7lerde g\u00fcvenilir adresiniz\",\"publisher\":{\"@id\":\"https:\/\/www.pardayanhukuk.com\/#organization\"},\"potentialAction\":[{\"@type\":\"SearchAction\",\"target\":{\"@type\":\"EntryPoint\",\"urlTemplate\":\"https:\/\/www.pardayanhukuk.com\/?s={search_term_string}\"},\"query-input\":{\"@type\":\"PropertyValueSpecification\",\"valueRequired\":true,\"valueName\":\"search_term_string\"}}],\"inLanguage\":\"en-US\"},{\"@type\":\"Organization\",\"@id\":\"https:\/\/www.pardayanhukuk.com\/#organization\",\"name\":\"Pardayan Hukuk\",\"url\":\"https:\/\/www.pardayanhukuk.com\/\",\"logo\":{\"@type\":\"ImageObject\",\"inLanguage\":\"en-US\",\"@id\":\"https:\/\/www.pardayanhukuk.com\/#\/schema\/logo\/image\/\",\"url\":\"https:\/\/www.pardayanhukuk.com\/wp-content\/uploads\/2024\/12\/cropped-Screenshot-2024-12-19-at-17.10.38.png\",\"contentUrl\":\"https:\/\/www.pardayanhukuk.com\/wp-content\/uploads\/2024\/12\/cropped-Screenshot-2024-12-19-at-17.10.38.png\",\"width\":249,\"height\":250,\"caption\":\"Pardayan Hukuk\"},\"image\":{\"@id\":\"https:\/\/www.pardayanhukuk.com\/#\/schema\/logo\/image\/\"}}]}<\/script>\n<!-- \/ Yoast SEO plugin. -->","yoast_head_json":{"title":"Hakk\u0131m\u0131zda - Pardayan Hukuk","robots":{"index":"index","follow":"follow","max-snippet":"max-snippet:-1","max-image-preview":"max-image-preview:large","max-video-preview":"max-video-preview:-1"},"canonical":"https:\/\/www.pardayanhukuk.com\/?page_id=20","og_locale":"en_US","og_type":"article","og_title":"Hakk\u0131m\u0131zda - Pardayan Hukuk","og_url":"https:\/\/www.pardayanhukuk.com\/?page_id=20","og_site_name":"Pardayan Hukuk","article_modified_time":"2024-12-18T16:27:02+00:00","twitter_card":"summary_large_image","twitter_misc":{"Est. reading time":"1 minute"},"schema":{"@context":"https:\/\/schema.org","@graph":[{"@type":"WebPage","@id":"https:\/\/www.pardayanhukuk.com\/?page_id=20","url":"https:\/\/www.pardayanhukuk.com\/?page_id=20","name":"Hakk\u0131m\u0131zda - Pardayan Hukuk","isPartOf":{"@id":"https:\/\/www.pardayanhukuk.com\/#website"},"datePublished":"2024-12-17T10:48:44+00:00","dateModified":"2024-12-18T16:27:02+00:00","breadcrumb":{"@id":"https:\/\/www.pardayanhukuk.com\/?page_id=20#breadcrumb"},"inLanguage":"en-US","potentialAction":[{"@type":"ReadAction","target":["https:\/\/www.pardayanhukuk.com\/?page_id=20"]}]},{"@type":"BreadcrumbList","@id":"https:\/\/www.pardayanhukuk.com\/?page_id=20#breadcrumb","itemListElement":[{"@type":"ListItem","position":1,"name":"Home","item":"https:\/\/www.pardayanhukuk.com\/"},{"@type":"ListItem","position":2,"name":"Hakk\u0131m\u0131zda"}]},{"@type":"WebSite","@id":"https:\/\/www.pardayanhukuk.com\/#website","url":"https:\/\/www.pardayanhukuk.com\/","name":"Pardayan Hukuk","description":"T\u00fcm hukuki s\u00fcre\u00e7lerde g\u00fcvenilir adresiniz","publisher":{"@id":"https:\/\/www.pardayanhukuk.com\/#organization"},"potentialAction":[{"@type":"SearchAction","target":{"@type":"EntryPoint","urlTemplate":"https:\/\/www.pardayanhukuk.com\/?s={search_term_string}"},"query-input":{"@type":"PropertyValueSpecification","valueRequired":true,"valueName":"search_term_string"}}],"inLanguage":"en-US"},{"@type":"Organization","@id":"https:\/\/www.pardayanhukuk.com\/#organization","name":"Pardayan Hukuk","url":"https:\/\/www.pardayanhukuk.com\/","logo":{"@type":"ImageObject","inLanguage":"en-US","@id":"https:\/\/www.pardayanhukuk.com\/#\/schema\/logo\/image\/","url":"https:\/\/www.pardayanhukuk.com\/wp-content\/uploads\/2024\/12\/cropped-Screenshot-2024-12-19-at-17.10.38.png","contentUrl":"https:\/\/www.pardayanhukuk.com\/wp-content\/uploads\/2024\/12\/cropped-Screenshot-2024-12-19-at-17.10.38.png","width":249,"height":250,"caption":"Pardayan Hukuk"},"image":{"@id":"https:\/\/www.pardayanhukuk.com\/#\/schema\/logo\/image\/"}}]}},"_links":{"self":[{"href":"https:\/\/www.pardayanhukuk.com\/index.php?rest_route=\/wp\/v2\/pages\/20","targetHints":{"allow":["GET"]}}],"collection":[{"href":"https:\/\/www.pardayanhukuk.com\/index.php?rest_route=\/wp\/v2\/pages"}],"about":[{"href":"https:\/\/www.pardayanhukuk.com\/index.php?rest_route=\/wp\/v2\/types\/page"}],"author":[{"embeddable":true,"href":"https:\/\/www.pardayanhukuk.com\/index.php?rest_route=\/wp\/v2\/users\/1"}],"replies":[{"embeddable":true,"href":"https:\/\/www.pardayanhukuk.com\/index.php?rest_route=%2Fwp%2Fv2%2Fcomments&post=20"}],"version-history":[{"count":2,"href":"https:\/\/www.pardayanhukuk.com\/index.php?rest_route=\/wp\/v2\/pages\/20\/revisions"}],"predecessor-version":[{"id":73,"href":"https:\/\/www.pardayanhukuk.com\/index.php?rest_route=\/wp\/v2\/pages\/20\/revisions\/73"}],"wp:attachment":[{"href":"https:\/\/www.pardayanhukuk.com\/index.php?rest_route=%2Fwp%2Fv2%2Fmedia&parent=20"}],"curies":[{"name":"wp","href":"https:\/\/api.w.org\/{rel}","templated":true}]}}