{"id":21,"date":"2024-12-17T10:48:44","date_gmt":"2024-12-17T10:48:44","guid":{"rendered":"https:\/\/34.118.53.142\/?page_id=21"},"modified":"2024-12-18T16:30:36","modified_gmt":"2024-12-18T16:30:36","slug":"contact","status":"publish","type":"page","link":"https:\/\/www.pardayanhukuk.com\/?page_id=21","title":{"rendered":"\u0130leti\u015fim"},"content":{"rendered":"\n<p><strong>Telefon<\/strong><br>+905326294462<\/p>\n\n\n\n<p><strong>Adres<\/strong><br>Rasimpa\u015fa, Ye\u015filay Sk. No: 6\/3, 34716 Kad\u0131k\u00f6y\/\u0130stanbul<\/p>\n\n\n\n<p><strong>Saatler<\/strong><br>Pazartesi\u2013Cuma: 9:00 \u2013 17:00<br>Cumartesi &amp; Pazar: Kapal\u0131<\/p>\n","protected":false},"excerpt":{"rendered":"<p>Telefon+905326294462 AdresRasimpa\u015fa, Ye\u015filay Sk. No: 6\/3, 34716 Kad\u0131k\u00f6y\/\u0130stanbul SaatlerPazartesi\u2013Cuma: 9:00 \u2013 17:00Cumartesi &amp; Pazar: Kapal\u0131<\/p>\n","protected":false},"author":1,"featured_media":0,"parent":0,"menu_order":0,"comment_status":"closed","ping_status":"closed","template":"","meta":{"footnotes":""},"class_list":["post-21","page","type-page","status-publish","hentry"],"yoast_head":"<!-- This site is optimized with the Yoast SEO plugin v24.1 - https:\/\/yoast.com\/wordpress\/plugins\/seo\/ -->\n<title>\u0130leti\u015fim - Pardayan Hukuk<\/title>\n<meta name=\"robots\" content=\"index, follow, max-snippet:-1, max-image-preview:large, max-video-preview:-1\" \/>\n<link rel=\"canonical\" href=\"https:\/\/www.pardayanhukuk.com\/?page_id=21\" \/>\n<meta property=\"og:locale\" content=\"en_US\" \/>\n<meta property=\"og:type\" content=\"article\" \/>\n<meta property=\"og:title\" content=\"\u0130leti\u015fim - Pardayan Hukuk\" \/>\n<meta property=\"og:description\" content=\"Telefon+905326294462 AdresRasimpa\u015fa, Ye\u015filay Sk. No: 6\/3, 34716 Kad\u0131k\u00f6y\/\u0130stanbul SaatlerPazartesi\u2013Cuma: 9:00 \u2013 17:00Cumartesi &amp; Pazar: Kapal\u0131\" \/>\n<meta property=\"og:url\" content=\"https:\/\/www.pardayanhukuk.com\/?page_id=21\" \/>\n<meta property=\"og:site_name\" content=\"Pardayan Hukuk\" \/>\n<meta property=\"article:modified_time\" content=\"2024-12-18T16:30:36+00:00\" \/>\n<meta name=\"twitter:card\" content=\"summary_large_image\" \/>\n<meta name=\"twitter:label1\" content=\"Est. reading time\" \/>\n\t<meta name=\"twitter:data1\" content=\"1 minute\" \/>\n<script type=\"application\/ld+json\" class=\"yoast-schema-graph\">{\"@context\":\"https:\/\/schema.org\",\"@graph\":[{\"@type\":\"WebPage\",\"@id\":\"https:\/\/www.pardayanhukuk.com\/?page_id=21\",\"url\":\"https:\/\/www.pardayanhukuk.com\/?page_id=21\",\"name\":\"\u0130leti\u015fim - Pardayan Hukuk\",\"isPartOf\":{\"@id\":\"https:\/\/www.pardayanhukuk.com\/#website\"},\"datePublished\":\"2024-12-17T10:48:44+00:00\",\"dateModified\":\"2024-12-18T16:30:36+00:00\",\"breadcrumb\":{\"@id\":\"https:\/\/www.pardayanhukuk.com\/?page_id=21#breadcrumb\"},\"inLanguage\":\"en-US\",\"potentialAction\":[{\"@type\":\"ReadAction\",\"target\":[\"https:\/\/www.pardayanhukuk.com\/?page_id=21\"]}]},{\"@type\":\"BreadcrumbList\",\"@id\":\"https:\/\/www.pardayanhukuk.com\/?page_id=21#breadcrumb\",\"itemListElement\":[{\"@type\":\"ListItem\",\"position\":1,\"name\":\"Home\",\"item\":\"https:\/\/www.pardayanhukuk.com\/\"},{\"@type\":\"ListItem\",\"position\":2,\"name\":\"\u0130leti\u015fim\"}]},{\"@type\":\"WebSite\",\"@id\":\"https:\/\/www.pardayanhukuk.com\/#website\",\"url\":\"https:\/\/www.pardayanhukuk.com\/\",\"name\":\"Pardayan Hukuk\",\"description\":\"T\u00fcm hukuki s\u00fcre\u00e7lerde g\u00fcvenilir adresiniz\",\"publisher\":{\"@id\":\"https:\/\/www.pardayanhukuk.com\/#organization\"},\"potentialAction\":[{\"@type\":\"SearchAction\",\"target\":{\"@type\":\"EntryPoint\",\"urlTemplate\":\"https:\/\/www.pardayanhukuk.com\/?s={search_term_string}\"},\"query-input\":{\"@type\":\"PropertyValueSpecification\",\"valueRequired\":true,\"valueName\":\"search_term_string\"}}],\"inLanguage\":\"en-US\"},{\"@type\":\"Organization\",\"@id\":\"https:\/\/www.pardayanhukuk.com\/#organization\",\"name\":\"Pardayan Hukuk\",\"url\":\"https:\/\/www.pardayanhukuk.com\/\",\"logo\":{\"@type\":\"ImageObject\",\"inLanguage\":\"en-US\",\"@id\":\"https:\/\/www.pardayanhukuk.com\/#\/schema\/logo\/image\/\",\"url\":\"https:\/\/www.pardayanhukuk.com\/wp-content\/uploads\/2024\/12\/cropped-Screenshot-2024-12-19-at-17.10.38.png\",\"contentUrl\":\"https:\/\/www.pardayanhukuk.com\/wp-content\/uploads\/2024\/12\/cropped-Screenshot-2024-12-19-at-17.10.38.png\",\"width\":249,\"height\":250,\"caption\":\"Pardayan Hukuk\"},\"image\":{\"@id\":\"https:\/\/www.pardayanhukuk.com\/#\/schema\/logo\/image\/\"}}]}<\/script>\n<!-- \/ Yoast SEO plugin. -->","yoast_head_json":{"title":"\u0130leti\u015fim - Pardayan Hukuk","robots":{"index":"index","follow":"follow","max-snippet":"max-snippet:-1","max-image-preview":"max-image-preview:large","max-video-preview":"max-video-preview:-1"},"canonical":"https:\/\/www.pardayanhukuk.com\/?page_id=21","og_locale":"en_US","og_type":"article","og_title":"\u0130leti\u015fim - Pardayan Hukuk","og_description":"Telefon+905326294462 AdresRasimpa\u015fa, Ye\u015filay Sk. No: 6\/3, 34716 Kad\u0131k\u00f6y\/\u0130stanbul SaatlerPazartesi\u2013Cuma: 9:00 \u2013 17:00Cumartesi &amp; Pazar: Kapal\u0131","og_url":"https:\/\/www.pardayanhukuk.com\/?page_id=21","og_site_name":"Pardayan Hukuk","article_modified_time":"2024-12-18T16:30:36+00:00","twitter_card":"summary_large_image","twitter_misc":{"Est. reading time":"1 minute"},"schema":{"@context":"https:\/\/schema.org","@graph":[{"@type":"WebPage","@id":"https:\/\/www.pardayanhukuk.com\/?page_id=21","url":"https:\/\/www.pardayanhukuk.com\/?page_id=21","name":"\u0130leti\u015fim - Pardayan Hukuk","isPartOf":{"@id":"https:\/\/www.pardayanhukuk.com\/#website"},"datePublished":"2024-12-17T10:48:44+00:00","dateModified":"2024-12-18T16:30:36+00:00","breadcrumb":{"@id":"https:\/\/www.pardayanhukuk.com\/?page_id=21#breadcrumb"},"inLanguage":"en-US","potentialAction":[{"@type":"ReadAction","target":["https:\/\/www.pardayanhukuk.com\/?page_id=21"]}]},{"@type":"BreadcrumbList","@id":"https:\/\/www.pardayanhukuk.com\/?page_id=21#breadcrumb","itemListElement":[{"@type":"ListItem","position":1,"name":"Home","item":"https:\/\/www.pardayanhukuk.com\/"},{"@type":"ListItem","position":2,"name":"\u0130leti\u015fim"}]},{"@type":"WebSite","@id":"https:\/\/www.pardayanhukuk.com\/#website","url":"https:\/\/www.pardayanhukuk.com\/","name":"Pardayan Hukuk","description":"T\u00fcm hukuki s\u00fcre\u00e7lerde g\u00fcvenilir adresiniz","publisher":{"@id":"https:\/\/www.pardayanhukuk.com\/#organization"},"potentialAction":[{"@type":"SearchAction","target":{"@type":"EntryPoint","urlTemplate":"https:\/\/www.pardayanhukuk.com\/?s={search_term_string}"},"query-input":{"@type":"PropertyValueSpecification","valueRequired":true,"valueName":"search_term_string"}}],"inLanguage":"en-US"},{"@type":"Organization","@id":"https:\/\/www.pardayanhukuk.com\/#organization","name":"Pardayan Hukuk","url":"https:\/\/www.pardayanhukuk.com\/","logo":{"@type":"ImageObject","inLanguage":"en-US","@id":"https:\/\/www.pardayanhukuk.com\/#\/schema\/logo\/image\/","url":"https:\/\/www.pardayanhukuk.com\/wp-content\/uploads\/2024\/12\/cropped-Screenshot-2024-12-19-at-17.10.38.png","contentUrl":"https:\/\/www.pardayanhukuk.com\/wp-content\/uploads\/2024\/12\/cropped-Screenshot-2024-12-19-at-17.10.38.png","width":249,"height":250,"caption":"Pardayan Hukuk"},"image":{"@id":"https:\/\/www.pardayanhukuk.com\/#\/schema\/logo\/image\/"}}]}},"_links":{"self":[{"href":"https:\/\/www.pardayanhukuk.com\/index.php?rest_route=\/wp\/v2\/pages\/21","targetHints":{"allow":["GET"]}}],"collection":[{"href":"https:\/\/www.pardayanhukuk.com\/index.php?rest_route=\/wp\/v2\/pages"}],"about":[{"href":"https:\/\/www.pardayanhukuk.com\/index.php?rest_route=\/wp\/v2\/types\/page"}],"author":[{"embeddable":true,"href":"https:\/\/www.pardayanhukuk.com\/index.php?rest_route=\/wp\/v2\/users\/1"}],"replies":[{"embeddable":true,"href":"https:\/\/www.pardayanhukuk.com\/index.php?rest_route=%2Fwp%2Fv2%2Fcomments&post=21"}],"version-history":[{"count":2,"href":"https:\/\/www.pardayanhukuk.com\/index.php?rest_route=\/wp\/v2\/pages\/21\/revisions"}],"predecessor-version":[{"id":75,"href":"https:\/\/www.pardayanhukuk.com\/index.php?rest_route=\/wp\/v2\/pages\/21\/revisions\/75"}],"wp:attachment":[{"href":"https:\/\/www.pardayanhukuk.com\/index.php?rest_route=%2Fwp%2Fv2%2Fmedia&parent=21"}],"curies":[{"name":"wp","href":"https:\/\/api.w.org\/{rel}","templated":true}]}}